{"id":23,"date":"2023-08-25T11:42:13","date_gmt":"2023-08-25T08:42:13","guid":{"rendered":"https:\/\/vagrem.ee\/?page_id=23"},"modified":"2023-08-25T11:59:16","modified_gmt":"2023-08-25T08:59:16","slug":"hinnakiri","status":"publish","type":"page","link":"https:\/\/vagrem.ee\/?page_id=23","title":{"rendered":"Hinnakiri"},"content":{"rendered":"\n<figure class=\"wp-block-table\"><table><thead><tr><th><\/th><th>EUR<\/th><\/tr><\/thead><tbody><tr><td>Mehaaniku t\u00f6\u00f6tund<\/td><td>45<\/td><\/tr><tr><td>Elektriku t\u00f6\u00f6tund<\/td><td>50<\/td><\/tr><tr><td>Mootori remontt\u00f6\u00f6d<\/td><td>50<\/td><\/tr><tr><td>S\u00f5iduki ostueelne \u00fclevaatus<\/td><td>50<\/td><\/tr><tr><td>Diagnostika, vea v\u00e4ljaselgitamine<\/td><td>55<\/td><\/tr><tr><td>Veakoodide lugemine, kustutamine, printimine<\/td><td>35<\/td><\/tr><tr><td>Kliima veaotsing, t\u00e4itmine (tund\/kord)<\/td><td>55<\/td><\/tr><tr><td>Veermiku kontroll (meil remontides tasuta)<\/td><td>30<\/td><\/tr><tr><td>\u00d5livahetus koos n\u00e4idiku nullimisega (service, oel, in1\/2, sevice due)<\/td><td>33<\/td><\/tr><tr><td>Rehvit\u00f6\u00f6d plekkveljele<\/td><td>50<\/td><\/tr><tr><td>Rehvit\u00f6\u00f6d valuveljele kuni 18&#8243;<\/td><td>60<\/td><\/tr><\/tbody><\/table><\/figure>\n\n\n\n<p>Hinnad sisaldavad k\u00e4ibemaksu 20%<\/p>\n\n\n\n<p>T\u00f6\u00f6de teostamisel l\u00e4htutakse tehase etteantud t\u00f6\u00f6aegadest.<\/p>\n","protected":false},"excerpt":{"rendered":"<p>EUR Mehaaniku t\u00f6\u00f6tund 45 Elektriku t\u00f6\u00f6tund 50 Mootori remontt\u00f6\u00f6d 50 S\u00f5iduki ostueelne \u00fclevaatus 50 Diagnostika, vea v\u00e4ljaselgitamine 55 Veakoodide lugemine, kustutamine, printimine 35 Kliima veaotsing, t\u00e4itmine (tund\/kord) 55 Veermiku kontroll (meil remontides tasuta) 30 \u00d5livahetus koos n\u00e4idiku nullimisega (service, oel, in1\/2, sevice due) 33 Rehvit\u00f6\u00f6d plekkveljele 50 Rehvit\u00f6\u00f6d valuveljele kuni 18&#8243; 60 Hinnad sisaldavad k\u00e4ibemaksu [&hellip;]<\/p>\n","protected":false},"author":1,"featured_media":0,"parent":0,"menu_order":0,"comment_status":"closed","ping_status":"closed","template":"","meta":{"footnotes":""},"class_list":["post-23","page","type-page","status-publish","hentry"],"_links":{"self":[{"href":"https:\/\/vagrem.ee\/index.php?rest_route=\/wp\/v2\/pages\/23","targetHints":{"allow":["GET"]}}],"collection":[{"href":"https:\/\/vagrem.ee\/index.php?rest_route=\/wp\/v2\/pages"}],"about":[{"href":"https:\/\/vagrem.ee\/index.php?rest_route=\/wp\/v2\/types\/page"}],"author":[{"embeddable":true,"href":"https:\/\/vagrem.ee\/index.php?rest_route=\/wp\/v2\/users\/1"}],"replies":[{"embeddable":true,"href":"https:\/\/vagrem.ee\/index.php?rest_route=%2Fwp%2Fv2%2Fcomments&post=23"}],"version-history":[{"count":4,"href":"https:\/\/vagrem.ee\/index.php?rest_route=\/wp\/v2\/pages\/23\/revisions"}],"predecessor-version":[{"id":39,"href":"https:\/\/vagrem.ee\/index.php?rest_route=\/wp\/v2\/pages\/23\/revisions\/39"}],"wp:attachment":[{"href":"https:\/\/vagrem.ee\/index.php?rest_route=%2Fwp%2Fv2%2Fmedia&parent=23"}],"curies":[{"name":"wp","href":"https:\/\/api.w.org\/{rel}","templated":true}]}}