{"id":2,"date":"2023-08-25T07:04:42","date_gmt":"2023-08-25T07:04:42","guid":{"rendered":"http:\/\/vagrem.ee\/?page_id=2"},"modified":"2023-08-25T11:31:21","modified_gmt":"2023-08-25T08:31:21","slug":"sample-page","status":"publish","type":"page","link":"https:\/\/vagrem.ee\/","title":{"rendered":"Vagrem"},"content":{"rendered":"\n<p>Vagrem O\u00dc on 2013 aastal loodud ettev\u00f5te, mis spetsialiseerub peamiselt Audi, Wolkswageni, Seati ja \u0160koda s\u00f5idukite diagnostikale, hooldus- ja remontt\u00f6\u00f6dele.<\/p>\n\n\n\n<p>Meie meeskonnal on kogemus autoremondis \u00fcle 15 aasta, spetsiaalset VAG-grupi s\u00f5idukite diagnostika, remondi ja elektrit\u00f6\u00f6de alal \u00fcle 10 aasta.<\/p>\n\n\n\n<p>Soovime pakkuda nii era- kui \u00e4riklientidele maksimaalset t\u00f6\u00f6kvaliteeti ning professionaalset teenindust. Kasutame t\u00f6\u00f6ks kvaliteetseid B-varuosi, aga ka originaalosi.<\/p>\n\n\n\n<p>Kuigi omame pikaajalist kogemust Audi, Wolkswageni, Seati ja \u0160koda s\u00f5idukitega, on meie t\u00f6\u00f6kotta oodatud ka teist marki autod.<\/p>\n","protected":false},"excerpt":{"rendered":"<p>Vagrem O\u00dc on 2013 aastal loodud ettev\u00f5te, mis spetsialiseerub peamiselt Audi, Wolkswageni, Seati ja \u0160koda s\u00f5idukite diagnostikale, hooldus- ja remontt\u00f6\u00f6dele. Meie meeskonnal on kogemus autoremondis \u00fcle 15 aasta, spetsiaalset VAG-grupi s\u00f5idukite diagnostika, remondi ja elektrit\u00f6\u00f6de alal \u00fcle 10 aasta. Soovime pakkuda nii era- kui \u00e4riklientidele maksimaalset t\u00f6\u00f6kvaliteeti ning professionaalset teenindust. Kasutame t\u00f6\u00f6ks kvaliteetseid B-varuosi, aga [&hellip;]<\/p>\n","protected":false},"author":1,"featured_media":0,"parent":0,"menu_order":0,"comment_status":"closed","ping_status":"open","template":"","meta":{"footnotes":""},"class_list":["post-2","page","type-page","status-publish","hentry"],"_links":{"self":[{"href":"https:\/\/vagrem.ee\/index.php?rest_route=\/wp\/v2\/pages\/2","targetHints":{"allow":["GET"]}}],"collection":[{"href":"https:\/\/vagrem.ee\/index.php?rest_route=\/wp\/v2\/pages"}],"about":[{"href":"https:\/\/vagrem.ee\/index.php?rest_route=\/wp\/v2\/types\/page"}],"author":[{"embeddable":true,"href":"https:\/\/vagrem.ee\/index.php?rest_route=\/wp\/v2\/users\/1"}],"replies":[{"embeddable":true,"href":"https:\/\/vagrem.ee\/index.php?rest_route=%2Fwp%2Fv2%2Fcomments&post=2"}],"version-history":[{"count":1,"href":"https:\/\/vagrem.ee\/index.php?rest_route=\/wp\/v2\/pages\/2\/revisions"}],"predecessor-version":[{"id":16,"href":"https:\/\/vagrem.ee\/index.php?rest_route=\/wp\/v2\/pages\/2\/revisions\/16"}],"wp:attachment":[{"href":"https:\/\/vagrem.ee\/index.php?rest_route=%2Fwp%2Fv2%2Fmedia&parent=2"}],"curies":[{"name":"wp","href":"https:\/\/api.w.org\/{rel}","templated":true}]}}